{"id":1000075,"date":"2016-01-19T19:23:04","date_gmt":"2016-01-19T19:23:04","guid":{"rendered":"https:\/\/mtpsl.es\/?page_id=1000075"},"modified":"2024-11-11T12:25:43","modified_gmt":"2024-11-11T12:25:43","slug":"politica-de-cookies","status":"publish","type":"page","link":"https:\/\/mtpsl.es\/en\/politica-de-cookies\/","title":{"rendered":"COOKIES POLICY"},"content":{"rendered":"<div class=\"fusion-fullwidth fullwidth-box fusion-builder-row-1 fusion-flex-container nonhundred-percent-fullwidth non-hundred-percent-height-scrolling\" style=\"--awb-border-radius-top-left:0px;--awb-border-radius-top-right:0px;--awb-border-radius-bottom-right:0px;--awb-border-radius-bottom-left:0px;--awb-flex-wrap:wrap;\" ><div class=\"fusion-builder-row fusion-row fusion-flex-align-items-flex-start fusion-flex-content-wrap\" style=\"max-width:1144px;margin-left: calc(-4% \/ 2 );margin-right: calc(-4% \/ 2 );\"><div class=\"fusion-layout-column fusion_builder_column fusion-builder-column-0 fusion_builder_column_1_1 1_1 fusion-flex-column\" style=\"--awb-bg-size:cover;--awb-width-large:100%;--awb-margin-top-large:0px;--awb-spacing-right-large:1.92%;--awb-margin-bottom-large:0px;--awb-spacing-left-large:1.92%;--awb-width-medium:100%;--awb-spacing-right-medium:1.92%;--awb-spacing-left-medium:1.92%;--awb-width-small:100%;--awb-spacing-right-small:1.92%;--awb-spacing-left-small:1.92%;\"><div class=\"fusion-column-wrapper fusion-flex-justify-content-flex-start fusion-content-layout-column\"><div class=\"fusion-text fusion-text-1\"><p><strong>USO DE COOKIES<\/strong><\/p>\n<p>Mediante el presente aviso de la web <u>www.mtpsl.es<\/u> con titular MAQUINARIA TERMO PLASTICO SL, con C.I.F. B96123070, le informa de su pol\u00edtica de cookies, cumpliendo as\u00ed con lo previsto en el art\u00edculo 22.2 de la Ley 34\/2002, de 11 de julio de Servicios de la Sociedad de la Informaci\u00f3n y de Comercio Electr\u00f3nico.<\/p>\n<p><strong>\u00bfQu\u00e9 es una cookie?<\/strong><\/p>\n<p>Las cookies son ficheros que se descargan en el terminal (ordenador\/smartphone\/tablet) del usuario al acceder a determinadas p\u00e1ginas web y que se almacenan en la memoria de este. Las cookies permiten, entre otras cosas, almacenar y recuperar informaci\u00f3n sobre los h\u00e1bitos de navegaci\u00f3n de un usuario o de su equipo, ver qu\u00e9 p\u00e1ginas se visitan, el tiempo de conexi\u00f3n, analizar el funcionamiento de una p\u00e1gina, si existen problemas t\u00e9cnicos, etc. Dependiendo de la informaci\u00f3n que contengan y la forma en que se utilice el terminal, pueden utilizarse para reconocer al usuario.<\/p>\n<p><strong>\u00bfQu\u00e9 tipos de cookies existen?<\/strong><\/p>\n<p>Existen varios tipos de cookies en funci\u00f3n de distintos criterios:<\/p>\n<p><strong>En funci\u00f3n de la titularidad:<\/strong><\/p>\n<ul>\n<li>Cookies propias: Son las que pertenecen al titular de la p\u00e1gina web.<\/li>\n<li>Cookies de terceros: Son aquellas cuya titularidad es de un tercero, distinto del titular de la p\u00e1gina web, que ser\u00e1 quien trate la informaci\u00f3n recabada.<\/li>\n<\/ul>\n<p><strong>En funci\u00f3n de su finalidad:<\/strong><\/p>\n<ul>\n<li>Cookies t\u00e9cnicas: son aquellas que permiten al usuario la navegaci\u00f3n a trav\u00e9s de una p\u00e1gina web, plataforma o aplicaci\u00f3n y la utilizaci\u00f3n de las diferentes opciones o servicios que en ella existan, incluyendo aquellas que el editor utiliza para permitir la gesti\u00f3n y operativa de la p\u00e1gina web y habilitar sus funciones y servicios, como, por ejemplo, controlar el tr\u00e1fico y la comunicaci\u00f3n de datos, identificar la sesi\u00f3n, acceder a partes de acceso restringido, recordar los elementos que integran un pedido, realizar el proceso de compra de un pedido, gestionar el pago, controlar el fraude vinculado a la seguridad del servicio, realizar la solicitud de inscripci\u00f3n o participaci\u00f3n en un evento, contar visitas a efectos de la facturaci\u00f3n de licencias del software con el que funciona el servicio (sitio web, plataforma o aplicaci\u00f3n), utilizar elementos de seguridad durante la navegaci\u00f3n, almacenar contenidos para la difusi\u00f3n de v\u00eddeos o sonido, habilitar contenidos din\u00e1micos (por ejemplo, animaci\u00f3n de carga de un texto o imagen) o compartir contenidos a trav\u00e9s de redes sociales.<\/li>\n<\/ul>\n<p>Tambi\u00e9n pertenecen a esta categor\u00eda, por su naturaleza t\u00e9cnica, aquellas cookies que permiten la gesti\u00f3n, de la forma m\u00e1s eficaz posible, de los espacios publicitarios que, como un elemento m\u00e1s de dise\u00f1o o \u201cmaquetaci\u00f3n\u201d del servicio ofrecido al usuario, el editor haya incluido en una p\u00e1gina web, aplicaci\u00f3n o plataforma en base a criterios como el contenido editado, sin que se recopile informaci\u00f3n de los usuarios con fines distintos, como puede ser personalizar ese contenido publicitario u otros contenidos. Las cookies t\u00e9cnicas estar\u00e1n exceptuadas del cumplimiento de las obligaciones establecidas en el art\u00edculo 22.2 de la LSSI cuando permitan prestar el servicio solicitado por el usuario, como ocurre en el caso de las cookies enumeradas en los p\u00e1rrafos anteriores. Sin embargo, si estas cookies se utilizan tambi\u00e9n para finalidades no exentas (por ejemplo, para fines publicitarios comportamentales), quedar\u00e1n sujetas a dichas obligaciones.<\/p>\n<ul>\n<li>Cookies de preferencias o personalizaci\u00f3n: son aquellas que permiten recordar informaci\u00f3n para que el usuario acceda al servicio con determinadas caracter\u00edsticas que pueden diferenciar su experiencia de la de otros usuarios, como, por ejemplo, el idioma, el n\u00famero de resultados a mostrar cuando el usuario realiza una b\u00fasqueda, el aspecto o contenido del servicio en funci\u00f3n del tipo de navegador a trav\u00e9s del cual el usuario accede al servicio o de la regi\u00f3n desde la que accede al servicio, etc.<\/li>\n<\/ul>\n<p>Si es el propio usuario quien elige esas caracter\u00edsticas (por ejemplo, si selecciona el idioma de un sitio web clicando en el icono de la bandera del pa\u00eds correspondiente), las cookies estar\u00e1n exceptuadas de las obligaciones del art\u00edculo 22.2 de la LSSI por considerarse un servicio expresamente solicitado por el usuario, y ello siempre y cuando las cookies obedezcan exclusivamente a la finalidad seleccionada.<\/p>\n<ul>\n<li>Cookies de an\u00e1lisis o medici\u00f3n: son aquellas que permiten al responsable de estas el seguimiento y an\u00e1lisis del comportamiento de los usuarios de los sitios web a los que est\u00e1n vinculadas, incluida la cuantificaci\u00f3n de los impactos de los anuncios. La informaci\u00f3n recogida mediante este tipo de cookies se utiliza en la medici\u00f3n de la actividad de los sitios web, aplicaci\u00f3n o plataforma, con el fin de introducir mejoras en funci\u00f3n del an\u00e1lisis de los datos de uso que hacen los usuarios del servicio.<\/li>\n<\/ul>\n<p>Respecto al tratamiento de datos recabados a trav\u00e9s de las cookies de an\u00e1lisis, a pesar de que no est\u00e1n exentas del deber de obtener un consentimiento informado para su uso, es poco probable que representen un riesgo para la privacidad de los usuarios siempre que se trate de cookies de primera parte, que traten datos agregados con una finalidad estrictamente estad\u00edstica, que se facilite informaci\u00f3n sobre sus usos y se incluya la posibilidad de que los usuarios manifiesten su negativa sobre su utilizaci\u00f3n.<\/p>\n<ul>\n<li>Cookies de publicidad comportamental: son aquellas que almacenan informaci\u00f3n del comportamiento de los usuarios obtenida a trav\u00e9s de la observaci\u00f3n continuada de sus h\u00e1bitos de navegaci\u00f3n, lo que permite desarrollar un perfil espec\u00edfico para mostrar publicidad en funci\u00f3n de este.<\/li>\n<\/ul>\n<p><strong>En funci\u00f3n del tiempo que permanecen activadas en el equipo terminal podemos distinguir:<\/strong><\/p>\n<ul>\n<li>Cookies de sesi\u00f3n: son aquellas dise\u00f1adas para recabar y almacenar datos mientras el usuario accede a una p\u00e1gina web. Se suelen emplear para almacenar informaci\u00f3n que solo interesa conservar para la prestaci\u00f3n del servicio solicitado por el usuario en una sola ocasi\u00f3n (por ejemplo, una lista de productos adquiridos) y desaparecen al terminar la sesi\u00f3n.<\/li>\n<li>Cookies persistentes: son aquellas en las que los datos siguen almacenados en el terminal y pueden ser accedidos y tratados durante un periodo definido por el responsable de la cookie, y que puede ir de unos minutos a varios a\u00f1os.<\/li>\n<\/ul>\n<p><strong>\u00bfPara qu\u00e9 sirve una cookie?<\/strong><\/p>\n<p>Las cookies se utilizan para poder ofrecerle servicios y\/o publicidad personalizados, para analizar el funcionamiento del sistema, reconocerle cuando accede como usuario, localizar incidencias y problemas que puedan surgir y solventarlos en el menor plazo posible, as\u00ed como analizar y medir el uso y actividad de la p\u00e1gina web.<\/p>\n<p><strong>\u00bfSe necesita mi consentimiento para implantar una cookie?<\/strong><\/p>\n<p>No se precisa el consentimiento para la instalaci\u00f3n de cookies t\u00e9cnicas o las que sean estrictamente necesarias para la prestaci\u00f3n de un servicio de la sociedad de la informaci\u00f3n expresamente solicitado por el destinatario.<\/p>\n<p>Para el resto, s\u00ed se precisa del consentimiento del interesado que se puede solicitar por distintas v\u00edas. En relaci\u00f3n con esta p\u00e1gina web, se entender\u00e1 otorgado si Vd. sigue utilizando la p\u00e1gina web, sin perjuicio de que en cualquier momento podr\u00e1 revocarlo y desactivar las cookies.<\/p>\n<p><strong>\u00bfQu\u00e9 cookies se utilizan actualmente en esta web? \u00bfQui\u00e9n utiliza esas cookies?<\/strong><\/p>\n<p>T\u00c9CNICAS DE SESI\u00d3N O PERSISTENTES: Son cookies PROPIAS, de sesi\u00f3n, de identificaci\u00f3n, de configuraci\u00f3n y de registro, estrictamente necesarias para la identificaci\u00f3n del usuario y para la prestaci\u00f3n de los servicios solicitados por el usuario. La informaci\u00f3n obtenida a trav\u00e9s de estas es tratada \u00fanicamente por el titular de la p\u00e1gina web.<\/p>\n<p>PUBLICITARIAS: Son aqu\u00e9llas que, bien tratadas por nosotros o por terceros, nos permiten personalizar la publicidad ofertada. Dichos terceros son empresas colaboradoras con las que hemos contratado alg\u00fan servicio para el que es necesaria la utilizaci\u00f3n de cookies. A continuaci\u00f3n, les mostramos las citadas empresas proveedoras:<\/p>\n<p>Vimeo LLC<\/p>\n<p>El WEBSITE utiliza los servicios de Vimeo, LLC con el objetivo de mostrar al usuario contenido multimedia. Vimeo LLC utiliza cookies para almacenar informaci\u00f3n sobre c\u00f3mo se utilizan los videos de Vimeo para que se puedan hacer mejoras e informar de nuestra productividad. Puede ver m\u00e1s informaci\u00f3n sobre la utilizaci\u00f3n de sus COOKIES y su pol\u00edtica de privacidad en el siguiente enlace: https:\/\/vimeo.com\/cookie_policy<\/p>\n<p>NOTA: Esta lista se actualizar\u00e1 con la mayor celeridad posible. Sin embargo, excepcionalmente, durante dicha actualizaci\u00f3n pudiera ocurrir que alguna cookie no estuviese incluida moment\u00e1neamente. En cualquier caso, siempre ser\u00e1n cookies con prop\u00f3sitos id\u00e9nticos a los registrados en esta lista.<\/p>\n<p>Estas herramientas no obtienen datos personales de los usuarios ni de la direcci\u00f3n postal desde donde se conectan. La informaci\u00f3n que obtienen est\u00e1 relacionada con, el n\u00famero de p\u00e1ginas visitadas, el idioma, la ciudad a la que est\u00e1 asignada la direcci\u00f3n IP desde la que acceden los usuarios, el n\u00famero de usuarios que nos visitan, la frecuencia y reincidencia de las visitas, el tiempo de visita, el navegador que usan, el operador o tipo de terminal desde el que se realiza la visita.<\/p>\n<p><strong>Detalle cookies propias<\/strong><\/p>\n<p>No existen<\/p>\n<p><strong>Detalle cookies de terceros<\/strong><\/p>\n<table width=\"559\">\n<tbody>\n<tr>\n<td width=\"80\"><strong>Cookie<\/strong><\/td>\n<td width=\"80\"><strong>Dominio<\/strong><\/td>\n<td width=\"80\"><strong>Duraci\u00f3n<\/strong><\/td>\n<td width=\"319\"><strong>Descripci\u00f3n<\/strong><\/td>\n<\/tr>\n<tr>\n<td width=\"80\">__cf_bm<\/td>\n<td width=\"80\">.vimeo.com<\/td>\n<td width=\"80\">30 minutos<\/td>\n<td width=\"319\">Esta cookie se utiliza para distinguir entre humanos y bots. Esto es beneficioso para el sitio web con el fin de elaborar informes v\u00e1lidos sobre el uso de su sitio web.<\/td>\n<\/tr>\n<tr>\n<td width=\"80\">player<\/td>\n<td width=\"80\">.vimeo.com<\/td>\n<td width=\"80\">1 a\u00f1o<\/td>\n<td width=\"319\">Esta cookie de origen creada por Vimeo se utiliza para recordar las preferencias del modo de reproducci\u00f3n del usuario.<\/td>\n<\/tr>\n<tr>\n<td width=\"80\">_cfuvid<\/td>\n<td width=\"80\">.vimeo.com<\/td>\n<td width=\"80\">Sesi\u00f3n<\/td>\n<td width=\"319\">Esta cookie se utiliza con el fin de rastrear a los usuarios en diferentes sesiones para optimizar la experiencia del usuario manteniendo la consistencia de la sesi\u00f3n y brindando servicios personalizados.<\/td>\n<\/tr>\n<tr>\n<td width=\"80\">vuid<\/td>\n<td width=\"80\">.vimeo.com<\/td>\n<td width=\"80\">1 a\u00f1o 1 mes<\/td>\n<td width=\"319\">Estas cookies son utilizadas por el reproductor de v\u00eddeo Vimeo en los sitios web.<\/td>\n<\/tr>\n<\/tbody>\n<\/table>\n<p><strong>\u00bfC\u00f3mo deshabilitar las Cookies en el Navegador?<\/strong><\/p>\n<p>La mayor\u00eda de navegadores actualmente permiten al usuario configurar si desean aceptar cookies y cu\u00e1les de ellas. Estos ajustes normalmente se encuentran en las \u2018opciones\u2019 o \u2018Preferencias\u2019 del men\u00fa de su navegador.<\/p>\n<p>Estas son las instrucciones para configurar las cookies en los principales navegadores:<\/p>\n<p>Chrome: Configuraci\u00f3n -&gt; Mostrar opciones avanzadas -&gt; Privacidad -&gt; Configuraci\u00f3n de contenido. Para m\u00e1s informaci\u00f3n, puede consultar el soporte de Google o la Ayuda del navegador (<a href=\"http:\/\/support.google.com\/chrome\/?hl=es\">http:\/\/support.google.com\/chrome\/?hl=es<\/a>)<\/p>\n<p>Firefox: Herramientas -&gt; Opciones -&gt; Privacidad -&gt; Historial -&gt; Configuraci\u00f3n Personalizada. Para m\u00e1s informaci\u00f3n, puede consultar el soporte de Mozilla o la Ayuda del navegador. (<a href=\"http:\/\/support.mozilla.org\/es\/home\">http:\/\/support.mozilla.org\/es\/home<\/a>)<\/p>\n<p>Internet Explorer: Herramientas -&gt; Opciones de Internet -&gt; Privacidad -&gt; Configuraci\u00f3n. Para m\u00e1s informaci\u00f3n, puede consultar el soporte de Microsoft o la Ayuda del navegador. (<a href=\"http:\/\/windows.microsoft.com\/es-ES\/windows\/support\">http:\/\/windows.microsoft.com\/es-ES\/windows\/support<\/a>)<\/p>\n<p>Safari: Preferencias -&gt; Seguridad. Para m\u00e1s informaci\u00f3n, puede consultar el soporte de Apple o la Ayuda del navegador. (<a href=\"http:\/\/www.apple.com\/es\/support\/safari\/\">http:\/\/www.apple.com\/es\/support\/safari\/<\/a>)<\/p>\n<p><strong>\u00bfHay transferencia de datos obtenidos por las cookies?<\/strong><\/p>\n<p>En nuestro caso no existe transferencia.<\/p>\n<p><strong>\u00bfCu\u00e1nto tiempo se conservar\u00e1 la informaci\u00f3n obtenida?<\/strong><\/p>\n<p>\u00danicamente lo necesario para la finalidad con la que ha sido obtenida.<\/p>\n<p>En el caso de cookies de terceros, puede consultar el plazo de conservaci\u00f3n en cada uno de los proveedores.<\/p>\n<p><strong>Consentimiento de menores de 14 a\u00f1os.<\/strong><\/p>\n<p>Nuestro portal no est\u00e1 destinado a usuarios menores de 14 a\u00f1os. Si desea usar nuestros servicios a trav\u00e9s de la web y tienes 14 a\u00f1os o menos, necesitaremos que tu padre, madre o tutor lea nuestra pol\u00edtica y acepte el uso de los datos en tu nombre.<\/p>\n<blockquote>\n<p>\u00daltima Actualizaci\u00f3n: 28 DE OCTUBRE DE 2024<\/p>\n<\/blockquote>\n<\/div><\/div><\/div><\/div><\/div>","protected":false},"excerpt":{"rendered":"","protected":false},"author":1,"featured_media":0,"parent":0,"menu_order":0,"comment_status":"closed","ping_status":"closed","template":"","meta":{"footnotes":""},"class_list":["post-1000075","page","type-page","status-publish","hentry"],"yoast_head":"<!-- This site is optimized with the Yoast SEO plugin v25.8 - https:\/\/yoast.com\/wordpress\/plugins\/seo\/ -->\n<title>POL\u00cdTICA DE COOKIES - MTP<\/title>\n<meta name=\"robots\" content=\"index, follow, max-snippet:-1, max-image-preview:large, max-video-preview:-1\" \/>\n<link rel=\"canonical\" href=\"https:\/\/mtpsl.es\/en\/politica-de-cookies\/\" \/>\n<meta property=\"og:locale\" content=\"en_US\" \/>\n<meta property=\"og:type\" content=\"article\" \/>\n<meta property=\"og:title\" content=\"POL\u00cdTICA DE COOKIES - MTP\" \/>\n<meta property=\"og:url\" content=\"https:\/\/mtpsl.es\/en\/politica-de-cookies\/\" \/>\n<meta property=\"og:site_name\" content=\"MTP\" \/>\n<meta property=\"article:publisher\" content=\"https:\/\/www.facebook.com\/MTPSL\" \/>\n<meta property=\"article:modified_time\" content=\"2024-11-11T12:25:43+00:00\" \/>\n<meta name=\"twitter:card\" content=\"summary_large_image\" \/>\n<meta name=\"twitter:site\" content=\"@MaquinariaTP\" \/>\n<meta name=\"twitter:label1\" content=\"Est. reading time\" \/>\n\t<meta name=\"twitter:data1\" content=\"9 minutes\" \/>\n<script type=\"application\/ld+json\" class=\"yoast-schema-graph\">{\"@context\":\"https:\/\/schema.org\",\"@graph\":[{\"@type\":\"WebPage\",\"@id\":\"https:\/\/mtpsl.es\/politica-de-cookies\/\",\"url\":\"https:\/\/mtpsl.es\/politica-de-cookies\/\",\"name\":\"POL\u00cdTICA DE COOKIES - MTP\",\"isPartOf\":{\"@id\":\"https:\/\/mtpsl.es\/#website\"},\"datePublished\":\"2016-01-19T19:23:04+00:00\",\"dateModified\":\"2024-11-11T12:25:43+00:00\",\"breadcrumb\":{\"@id\":\"https:\/\/mtpsl.es\/politica-de-cookies\/#breadcrumb\"},\"inLanguage\":\"en-US\",\"potentialAction\":[{\"@type\":\"ReadAction\",\"target\":[\"https:\/\/mtpsl.es\/politica-de-cookies\/\"]}]},{\"@type\":\"BreadcrumbList\",\"@id\":\"https:\/\/mtpsl.es\/politica-de-cookies\/#breadcrumb\",\"itemListElement\":[{\"@type\":\"ListItem\",\"position\":1,\"name\":\"Portada\",\"item\":\"https:\/\/mtpsl.es\/\"},{\"@type\":\"ListItem\",\"position\":2,\"name\":\"POL\u00cdTICA DE COOKIES\"}]},{\"@type\":\"WebSite\",\"@id\":\"https:\/\/mtpsl.es\/#website\",\"url\":\"https:\/\/mtpsl.es\/\",\"name\":\"Maquinaria Termo Pl\u00e1stico SL\",\"description\":\"Maquinaria Termo Pl\u00e1stico\",\"publisher\":{\"@id\":\"https:\/\/mtpsl.es\/#organization\"},\"alternateName\":\"MTP\",\"potentialAction\":[{\"@type\":\"SearchAction\",\"target\":{\"@type\":\"EntryPoint\",\"urlTemplate\":\"https:\/\/mtpsl.es\/?s={search_term_string}\"},\"query-input\":{\"@type\":\"PropertyValueSpecification\",\"valueRequired\":true,\"valueName\":\"search_term_string\"}}],\"inLanguage\":\"en-US\"},{\"@type\":\"Organization\",\"@id\":\"https:\/\/mtpsl.es\/#organization\",\"name\":\"Maquinaria Termo Pl\u00e1stico\",\"alternateName\":\"MTP\",\"url\":\"https:\/\/mtpsl.es\/\",\"logo\":{\"@type\":\"ImageObject\",\"inLanguage\":\"en-US\",\"@id\":\"https:\/\/mtpsl.es\/#\/schema\/logo\/image\/\",\"url\":\"https:\/\/mtp.essedi.es\/wp-content\/uploads\/2017\/04\/logo.jpg\",\"contentUrl\":\"https:\/\/mtp.essedi.es\/wp-content\/uploads\/2017\/04\/logo.jpg\",\"width\":300,\"height\":143,\"caption\":\"Maquinaria Termo Pl\u00e1stico\"},\"image\":{\"@id\":\"https:\/\/mtpsl.es\/#\/schema\/logo\/image\/\"},\"sameAs\":[\"https:\/\/www.facebook.com\/MTPSL\",\"https:\/\/x.com\/MaquinariaTP\",\"https:\/\/www.linkedin.com\/company\/mtpsl\/\"]}]}<\/script>\n<!-- \/ Yoast SEO plugin. -->","yoast_head_json":{"title":"POL\u00cdTICA DE COOKIES - MTP","robots":{"index":"index","follow":"follow","max-snippet":"max-snippet:-1","max-image-preview":"max-image-preview:large","max-video-preview":"max-video-preview:-1"},"canonical":"https:\/\/mtpsl.es\/en\/politica-de-cookies\/","og_locale":"en_US","og_type":"article","og_title":"POL\u00cdTICA DE COOKIES - MTP","og_url":"https:\/\/mtpsl.es\/en\/politica-de-cookies\/","og_site_name":"MTP","article_publisher":"https:\/\/www.facebook.com\/MTPSL","article_modified_time":"2024-11-11T12:25:43+00:00","twitter_card":"summary_large_image","twitter_site":"@MaquinariaTP","twitter_misc":{"Est. reading time":"9 minutes"},"schema":{"@context":"https:\/\/schema.org","@graph":[{"@type":"WebPage","@id":"https:\/\/mtpsl.es\/politica-de-cookies\/","url":"https:\/\/mtpsl.es\/politica-de-cookies\/","name":"POL\u00cdTICA DE COOKIES - MTP","isPartOf":{"@id":"https:\/\/mtpsl.es\/#website"},"datePublished":"2016-01-19T19:23:04+00:00","dateModified":"2024-11-11T12:25:43+00:00","breadcrumb":{"@id":"https:\/\/mtpsl.es\/politica-de-cookies\/#breadcrumb"},"inLanguage":"en-US","potentialAction":[{"@type":"ReadAction","target":["https:\/\/mtpsl.es\/politica-de-cookies\/"]}]},{"@type":"BreadcrumbList","@id":"https:\/\/mtpsl.es\/politica-de-cookies\/#breadcrumb","itemListElement":[{"@type":"ListItem","position":1,"name":"Portada","item":"https:\/\/mtpsl.es\/"},{"@type":"ListItem","position":2,"name":"POL\u00cdTICA DE COOKIES"}]},{"@type":"WebSite","@id":"https:\/\/mtpsl.es\/#website","url":"https:\/\/mtpsl.es\/","name":"Maquinaria Termo Pl\u00e1stico SL","description":"Maquinaria Termo Pl\u00e1stico","publisher":{"@id":"https:\/\/mtpsl.es\/#organization"},"alternateName":"MTP","potentialAction":[{"@type":"SearchAction","target":{"@type":"EntryPoint","urlTemplate":"https:\/\/mtpsl.es\/?s={search_term_string}"},"query-input":{"@type":"PropertyValueSpecification","valueRequired":true,"valueName":"search_term_string"}}],"inLanguage":"en-US"},{"@type":"Organization","@id":"https:\/\/mtpsl.es\/#organization","name":"Maquinaria Termo Pl\u00e1stico","alternateName":"MTP","url":"https:\/\/mtpsl.es\/","logo":{"@type":"ImageObject","inLanguage":"en-US","@id":"https:\/\/mtpsl.es\/#\/schema\/logo\/image\/","url":"https:\/\/mtp.essedi.es\/wp-content\/uploads\/2017\/04\/logo.jpg","contentUrl":"https:\/\/mtp.essedi.es\/wp-content\/uploads\/2017\/04\/logo.jpg","width":300,"height":143,"caption":"Maquinaria Termo Pl\u00e1stico"},"image":{"@id":"https:\/\/mtpsl.es\/#\/schema\/logo\/image\/"},"sameAs":["https:\/\/www.facebook.com\/MTPSL","https:\/\/x.com\/MaquinariaTP","https:\/\/www.linkedin.com\/company\/mtpsl\/"]}]}},"_links":{"self":[{"href":"https:\/\/mtpsl.es\/en\/wp-json\/wp\/v2\/pages\/1000075","targetHints":{"allow":["GET"]}}],"collection":[{"href":"https:\/\/mtpsl.es\/en\/wp-json\/wp\/v2\/pages"}],"about":[{"href":"https:\/\/mtpsl.es\/en\/wp-json\/wp\/v2\/types\/page"}],"author":[{"embeddable":true,"href":"https:\/\/mtpsl.es\/en\/wp-json\/wp\/v2\/users\/1"}],"replies":[{"embeddable":true,"href":"https:\/\/mtpsl.es\/en\/wp-json\/wp\/v2\/comments?post=1000075"}],"version-history":[{"count":4,"href":"https:\/\/mtpsl.es\/en\/wp-json\/wp\/v2\/pages\/1000075\/revisions"}],"predecessor-version":[{"id":1002676,"href":"https:\/\/mtpsl.es\/en\/wp-json\/wp\/v2\/pages\/1000075\/revisions\/1002676"}],"wp:attachment":[{"href":"https:\/\/mtpsl.es\/en\/wp-json\/wp\/v2\/media?parent=1000075"}],"curies":[{"name":"wp","href":"https:\/\/api.w.org\/{rel}","templated":true}]}}