{"id":1000531,"date":"2016-01-28T11:55:40","date_gmt":"2016-01-28T11:55:40","guid":{"rendered":"https:\/\/mtpsl.es\/?page_id=1000531"},"modified":"2024-09-24T14:16:03","modified_gmt":"2024-09-24T14:16:03","slug":"servicio-tecnico","status":"publish","type":"page","link":"https:\/\/mtpsl.es\/en\/servicio-tecnico\/","title":{"rendered":"TECHNICAL SERVICE"},"content":{"rendered":"<div class=\"fusion-fullwidth fullwidth-box fusion-builder-row-1 fusion-flex-container has-pattern-background has-mask-background nonhundred-percent-fullwidth non-hundred-percent-height-scrolling\" style=\"--awb-border-radius-top-left:0px;--awb-border-radius-top-right:0px;--awb-border-radius-bottom-right:0px;--awb-border-radius-bottom-left:0px;--awb-flex-wrap:wrap;\" ><div class=\"fusion-builder-row fusion-row fusion-flex-align-items-flex-start fusion-flex-content-wrap\" style=\"max-width:1144px;margin-left: calc(-4% \/ 2 );margin-right: calc(-4% \/ 2 );\"><div class=\"fusion-layout-column fusion_builder_column fusion-builder-column-0 fusion_builder_column_1_1 1_1 fusion-flex-column\" style=\"--awb-bg-size:cover;--awb-width-large:100%;--awb-margin-top-large:0px;--awb-spacing-right-large:1.92%;--awb-margin-bottom-large:0px;--awb-spacing-left-large:1.92%;--awb-width-medium:100%;--awb-order-medium:0;--awb-spacing-right-medium:1.92%;--awb-spacing-left-medium:1.92%;--awb-width-small:100%;--awb-order-small:0;--awb-spacing-right-small:1.92%;--awb-spacing-left-small:1.92%;\"><div class=\"fusion-column-wrapper fusion-column-has-shadow fusion-flex-justify-content-flex-start fusion-content-layout-column\"><div class=\"fusion-text fusion-text-1\"><p><strong style=\"color: var(--awb-text-color); font-family: var(--awb-text-font-family); font-size: var(--awb-font-size); font-style: var(--awb-text-font-style); letter-spacing: var(--awb-letter-spacing); text-align: var(--awb-content-alignment); text-transform: var(--awb-text-transform); background-color: var(--awb-bg-color-hover);\">MTP<\/strong><span style=\"color: var(--awb-text-color); font-family: var(--awb-text-font-family); font-size: var(--awb-font-size); font-style: var(--awb-text-font-style); letter-spacing: var(--awb-letter-spacing); text-align: var(--awb-content-alignment); text-transform: var(--awb-text-transform); background-color: var(--awb-bg-color-hover);\"> is not only limited to the sale of plastic processing machinery, but also sells spare parts and accessories to equip its machinery and production lines.<\/span><\/p>\n<p><span style=\"font-weight: 400;\"><strong>MTP<\/strong> supplies all its machinery with a minimum one-year warranty and installs the equipment in its facilities in addition to scheduled maintenance.<\/span><\/p>\n<p><span style=\"font-weight: 400;\">Most of the spare parts are available at our facilities, so that a breakdown can be dealt with quickly.<\/span><\/p>\n<p><span style=\"font-weight: 400;\">A great team at your service. Peripherals and machinery are as important as the professionals that will attend you in our After Sales Service. <\/span><\/p>\n<p><span style=\"font-weight: 400;\">We provide you with the best specialists in both installation and scheduled maintenance.<\/span><\/p>\n<\/div><div class=\"fusion-separator fusion-full-width-sep\" style=\"align-self: flex-start;margin-right:auto;margin-top:20px;margin-bottom:20px;width:100%;\"><\/div><div class=\"fusion-video fusion-selfhosted-video\" style=\"align-self:center;max-width:900px;\"><div class=\"video-wrapper\"><video playsinline=\"true\" width=\"100%\" style=\"object-fit: cover;\" autoplay=\"true\" muted=\"true\" loop=\"true\" preload=\"auto\" controls=\"1\"><source src=\"https:\/\/mtpsl.es\/wp-content\/uploads\/2023\/12\/inmediato-MPEG-4.mp4\" type=\"video\/mp4\">Sorry, your browser doesn&#039;t support embedded videos.<\/video><\/div><\/div><div class=\"fusion-separator fusion-full-width-sep\" style=\"align-self: flex-start;margin-right:auto;margin-top:20px;margin-bottom:20px;width:100%;\"><\/div><\/div><\/div><\/div><\/div>","protected":false},"excerpt":{"rendered":"","protected":false},"author":1,"featured_media":0,"parent":0,"menu_order":0,"comment_status":"open","ping_status":"open","template":"100-width.php","meta":{"footnotes":""},"class_list":["post-1000531","page","type-page","status-publish","hentry"],"yoast_head":"<!-- This site is optimized with the Yoast SEO plugin v25.8 - https:\/\/yoast.com\/wordpress\/plugins\/seo\/ -->\n<title>Servicio T\u00e9cnico - MTP<\/title>\n<meta name=\"description\" content=\"Ofrecemos servicio t\u00e9cnico para M\u00e1quinas de Inyecci\u00f3n. \u00a1Ll\u00e1manos y descubre la rentabilidad de nuestra tecnolog\u00eda!\" \/>\n<meta name=\"robots\" content=\"index, follow, max-snippet:-1, max-image-preview:large, max-video-preview:-1\" \/>\n<link rel=\"canonical\" href=\"https:\/\/mtpsl.es\/en\/servicio-tecnico\/\" \/>\n<meta property=\"og:locale\" content=\"en_US\" \/>\n<meta property=\"og:type\" content=\"article\" \/>\n<meta property=\"og:title\" content=\"Servicio T\u00e9cnico - MTP\" \/>\n<meta property=\"og:description\" content=\"Ofrecemos servicio t\u00e9cnico para M\u00e1quinas de Inyecci\u00f3n. \u00a1Ll\u00e1manos y descubre la rentabilidad de nuestra tecnolog\u00eda!\" \/>\n<meta property=\"og:url\" content=\"https:\/\/mtpsl.es\/en\/servicio-tecnico\/\" \/>\n<meta property=\"og:site_name\" content=\"MTP\" \/>\n<meta property=\"article:publisher\" content=\"https:\/\/www.facebook.com\/MTPSL\" \/>\n<meta property=\"article:modified_time\" content=\"2024-09-24T14:16:03+00:00\" \/>\n<meta name=\"twitter:card\" content=\"summary_large_image\" \/>\n<meta name=\"twitter:site\" content=\"@MaquinariaTP\" \/>\n<meta name=\"twitter:label1\" content=\"Est. reading time\" \/>\n\t<meta name=\"twitter:data1\" content=\"1 minute\" \/>\n<script type=\"application\/ld+json\" class=\"yoast-schema-graph\">{\"@context\":\"https:\/\/schema.org\",\"@graph\":[{\"@type\":\"WebPage\",\"@id\":\"https:\/\/mtpsl.es\/servicio-tecnico\/\",\"url\":\"https:\/\/mtpsl.es\/servicio-tecnico\/\",\"name\":\"Servicio T\u00e9cnico - MTP\",\"isPartOf\":{\"@id\":\"https:\/\/mtpsl.es\/#website\"},\"datePublished\":\"2016-01-28T11:55:40+00:00\",\"dateModified\":\"2024-09-24T14:16:03+00:00\",\"description\":\"Ofrecemos servicio t\u00e9cnico para M\u00e1quinas de Inyecci\u00f3n. \u00a1Ll\u00e1manos y descubre la rentabilidad de nuestra tecnolog\u00eda!\",\"breadcrumb\":{\"@id\":\"https:\/\/mtpsl.es\/servicio-tecnico\/#breadcrumb\"},\"inLanguage\":\"en-US\",\"potentialAction\":[{\"@type\":\"ReadAction\",\"target\":[\"https:\/\/mtpsl.es\/servicio-tecnico\/\"]}]},{\"@type\":\"BreadcrumbList\",\"@id\":\"https:\/\/mtpsl.es\/servicio-tecnico\/#breadcrumb\",\"itemListElement\":[{\"@type\":\"ListItem\",\"position\":1,\"name\":\"Portada\",\"item\":\"https:\/\/mtpsl.es\/\"},{\"@type\":\"ListItem\",\"position\":2,\"name\":\"SERVICIO T\u00c9CNICO\"}]},{\"@type\":\"WebSite\",\"@id\":\"https:\/\/mtpsl.es\/#website\",\"url\":\"https:\/\/mtpsl.es\/\",\"name\":\"Maquinaria Termo Pl\u00e1stico SL\",\"description\":\"Maquinaria Termo Pl\u00e1stico\",\"publisher\":{\"@id\":\"https:\/\/mtpsl.es\/#organization\"},\"alternateName\":\"MTP\",\"potentialAction\":[{\"@type\":\"SearchAction\",\"target\":{\"@type\":\"EntryPoint\",\"urlTemplate\":\"https:\/\/mtpsl.es\/?s={search_term_string}\"},\"query-input\":{\"@type\":\"PropertyValueSpecification\",\"valueRequired\":true,\"valueName\":\"search_term_string\"}}],\"inLanguage\":\"en-US\"},{\"@type\":\"Organization\",\"@id\":\"https:\/\/mtpsl.es\/#organization\",\"name\":\"Maquinaria Termo Pl\u00e1stico\",\"alternateName\":\"MTP\",\"url\":\"https:\/\/mtpsl.es\/\",\"logo\":{\"@type\":\"ImageObject\",\"inLanguage\":\"en-US\",\"@id\":\"https:\/\/mtpsl.es\/#\/schema\/logo\/image\/\",\"url\":\"https:\/\/mtp.essedi.es\/wp-content\/uploads\/2017\/04\/logo.jpg\",\"contentUrl\":\"https:\/\/mtp.essedi.es\/wp-content\/uploads\/2017\/04\/logo.jpg\",\"width\":300,\"height\":143,\"caption\":\"Maquinaria Termo Pl\u00e1stico\"},\"image\":{\"@id\":\"https:\/\/mtpsl.es\/#\/schema\/logo\/image\/\"},\"sameAs\":[\"https:\/\/www.facebook.com\/MTPSL\",\"https:\/\/x.com\/MaquinariaTP\",\"https:\/\/www.linkedin.com\/company\/mtpsl\/\"]}]}<\/script>\n<!-- \/ Yoast SEO plugin. -->","yoast_head_json":{"title":"Servicio T\u00e9cnico - MTP","description":"Ofrecemos servicio t\u00e9cnico para M\u00e1quinas de Inyecci\u00f3n. \u00a1Ll\u00e1manos y descubre la rentabilidad de nuestra tecnolog\u00eda!","robots":{"index":"index","follow":"follow","max-snippet":"max-snippet:-1","max-image-preview":"max-image-preview:large","max-video-preview":"max-video-preview:-1"},"canonical":"https:\/\/mtpsl.es\/en\/servicio-tecnico\/","og_locale":"en_US","og_type":"article","og_title":"Servicio T\u00e9cnico - MTP","og_description":"Ofrecemos servicio t\u00e9cnico para M\u00e1quinas de Inyecci\u00f3n. \u00a1Ll\u00e1manos y descubre la rentabilidad de nuestra tecnolog\u00eda!","og_url":"https:\/\/mtpsl.es\/en\/servicio-tecnico\/","og_site_name":"MTP","article_publisher":"https:\/\/www.facebook.com\/MTPSL","article_modified_time":"2024-09-24T14:16:03+00:00","twitter_card":"summary_large_image","twitter_site":"@MaquinariaTP","twitter_misc":{"Est. reading time":"1 minute"},"schema":{"@context":"https:\/\/schema.org","@graph":[{"@type":"WebPage","@id":"https:\/\/mtpsl.es\/servicio-tecnico\/","url":"https:\/\/mtpsl.es\/servicio-tecnico\/","name":"Servicio T\u00e9cnico - MTP","isPartOf":{"@id":"https:\/\/mtpsl.es\/#website"},"datePublished":"2016-01-28T11:55:40+00:00","dateModified":"2024-09-24T14:16:03+00:00","description":"Ofrecemos servicio t\u00e9cnico para M\u00e1quinas de Inyecci\u00f3n. \u00a1Ll\u00e1manos y descubre la rentabilidad de nuestra tecnolog\u00eda!","breadcrumb":{"@id":"https:\/\/mtpsl.es\/servicio-tecnico\/#breadcrumb"},"inLanguage":"en-US","potentialAction":[{"@type":"ReadAction","target":["https:\/\/mtpsl.es\/servicio-tecnico\/"]}]},{"@type":"BreadcrumbList","@id":"https:\/\/mtpsl.es\/servicio-tecnico\/#breadcrumb","itemListElement":[{"@type":"ListItem","position":1,"name":"Portada","item":"https:\/\/mtpsl.es\/"},{"@type":"ListItem","position":2,"name":"SERVICIO T\u00c9CNICO"}]},{"@type":"WebSite","@id":"https:\/\/mtpsl.es\/#website","url":"https:\/\/mtpsl.es\/","name":"Maquinaria Termo Pl\u00e1stico SL","description":"Maquinaria Termo Pl\u00e1stico","publisher":{"@id":"https:\/\/mtpsl.es\/#organization"},"alternateName":"MTP","potentialAction":[{"@type":"SearchAction","target":{"@type":"EntryPoint","urlTemplate":"https:\/\/mtpsl.es\/?s={search_term_string}"},"query-input":{"@type":"PropertyValueSpecification","valueRequired":true,"valueName":"search_term_string"}}],"inLanguage":"en-US"},{"@type":"Organization","@id":"https:\/\/mtpsl.es\/#organization","name":"Maquinaria Termo Pl\u00e1stico","alternateName":"MTP","url":"https:\/\/mtpsl.es\/","logo":{"@type":"ImageObject","inLanguage":"en-US","@id":"https:\/\/mtpsl.es\/#\/schema\/logo\/image\/","url":"https:\/\/mtp.essedi.es\/wp-content\/uploads\/2017\/04\/logo.jpg","contentUrl":"https:\/\/mtp.essedi.es\/wp-content\/uploads\/2017\/04\/logo.jpg","width":300,"height":143,"caption":"Maquinaria Termo Pl\u00e1stico"},"image":{"@id":"https:\/\/mtpsl.es\/#\/schema\/logo\/image\/"},"sameAs":["https:\/\/www.facebook.com\/MTPSL","https:\/\/x.com\/MaquinariaTP","https:\/\/www.linkedin.com\/company\/mtpsl\/"]}]}},"_links":{"self":[{"href":"https:\/\/mtpsl.es\/en\/wp-json\/wp\/v2\/pages\/1000531","targetHints":{"allow":["GET"]}}],"collection":[{"href":"https:\/\/mtpsl.es\/en\/wp-json\/wp\/v2\/pages"}],"about":[{"href":"https:\/\/mtpsl.es\/en\/wp-json\/wp\/v2\/types\/page"}],"author":[{"embeddable":true,"href":"https:\/\/mtpsl.es\/en\/wp-json\/wp\/v2\/users\/1"}],"replies":[{"embeddable":true,"href":"https:\/\/mtpsl.es\/en\/wp-json\/wp\/v2\/comments?post=1000531"}],"version-history":[{"count":151,"href":"https:\/\/mtpsl.es\/en\/wp-json\/wp\/v2\/pages\/1000531\/revisions"}],"predecessor-version":[{"id":1002661,"href":"https:\/\/mtpsl.es\/en\/wp-json\/wp\/v2\/pages\/1000531\/revisions\/1002661"}],"wp:attachment":[{"href":"https:\/\/mtpsl.es\/en\/wp-json\/wp\/v2\/media?parent=1000531"}],"curies":[{"name":"wp","href":"https:\/\/api.w.org\/{rel}","templated":true}]}}