{"id":1000792,"date":"2016-02-02T15:23:00","date_gmt":"2016-02-02T15:23:00","guid":{"rendered":"https:\/\/mtpsl.es\/mas-informacion-sobre-las-cookies\/"},"modified":"2023-11-21T11:06:36","modified_gmt":"2023-11-21T11:06:36","slug":"producto","status":"publish","type":"page","link":"https:\/\/mtpsl.es\/en\/producto\/","title":{"rendered":"PRODUCTS"},"content":{"rendered":"<div class=\"fusion-fullwidth fullwidth-box fusion-builder-row-1 nonhundred-percent-fullwidth non-hundred-percent-height-scrolling\" style=\"--awb-border-radius-top-left:0px;--awb-border-radius-top-right:0px;--awb-border-radius-bottom-right:0px;--awb-border-radius-bottom-left:0px;--awb-margin-top:20px;--awb-flex-wrap:wrap;\" ><div class=\"fusion-builder-row fusion-row\"><div class=\"fusion-layout-column fusion_builder_column fusion-builder-column-0 fusion_builder_column_1_2 1_2 fusion-one-half fusion-column-first\" style=\"--awb-bg-size:cover;--awb-margin-bottom:0px;width:50%;width:calc(50% - ( ( 15% ) * 0.5 ) );margin-right: 15%;\"><div class=\"fusion-column-wrapper fusion-flex-column-wrapper-legacy\"><div class=\"fusion-image-element fusion-image-align-center in-legacy-container\" style=\"text-align:center;--awb-caption-title-font-family:var(--h2_typography-font-family);--awb-caption-title-font-weight:var(--h2_typography-font-weight);--awb-caption-title-font-style:var(--h2_typography-font-style);--awb-caption-title-size:var(--h2_typography-font-size);--awb-caption-title-transform:var(--h2_typography-text-transform);--awb-caption-title-line-height:var(--h2_typography-line-height);--awb-caption-title-letter-spacing:var(--h2_typography-letter-spacing);\"><div class=\"imageframe-align-center\"><span class=\"fusion-imageframe imageframe-none imageframe-1 hover-type-none\"><a class=\"fusion-no-lightbox\" href=\"\/en\/maquinas-de-inyeccion\/\" target=\"_self\" aria-label=\"icono_maquinas\"><img decoding=\"async\" width=\"600\" height=\"253\" src=\"https:\/\/mtpsl.es\/wp-content\/uploads\/2016\/02\/icono_maquinas.jpg\" alt class=\"img-responsive wp-image-1001332\" srcset=\"https:\/\/mtpsl.es\/wp-content\/uploads\/2016\/02\/icono_maquinas-200x84.jpg 200w, https:\/\/mtpsl.es\/wp-content\/uploads\/2016\/02\/icono_maquinas-400x169.jpg 400w, https:\/\/mtpsl.es\/wp-content\/uploads\/2016\/02\/icono_maquinas.jpg 600w\" sizes=\"(max-width: 800px) 100vw, 600px\" \/><\/a><\/span><\/div><\/div><div class=\"fusion-title title fusion-title-1 sep-underline sep-solid fusion-title-center fusion-title-text fusion-title-size-three\"><h3 class=\"fusion-title-heading title-heading-center\" style=\"margin:0;\"><h3 style=\"text-align: center;\">Injection molding machines<\/h3><\/h3><\/div><div class=\"fusion-clearfix\"><\/div><\/div><\/div><div class=\"fusion-layout-column fusion_builder_column fusion-builder-column-1 fusion_builder_column_1_2 1_2 fusion-one-half fusion-column-last\" style=\"--awb-bg-size:cover;--awb-margin-bottom:0px;width:50%;width:calc(50% - ( ( 15% ) * 0.5 ) );\"><div class=\"fusion-column-wrapper fusion-flex-column-wrapper-legacy\"><div class=\"fusion-image-element fusion-image-align-center in-legacy-container\" style=\"text-align:center;--awb-caption-title-font-family:var(--h2_typography-font-family);--awb-caption-title-font-weight:var(--h2_typography-font-weight);--awb-caption-title-font-style:var(--h2_typography-font-style);--awb-caption-title-size:var(--h2_typography-font-size);--awb-caption-title-transform:var(--h2_typography-text-transform);--awb-caption-title-line-height:var(--h2_typography-line-height);--awb-caption-title-letter-spacing:var(--h2_typography-letter-spacing);\"><div class=\"imageframe-align-center\"><span class=\"fusion-imageframe imageframe-none imageframe-2 hover-type-none\"><a class=\"fusion-no-lightbox\" href=\"\/en\/perifericos\/\" target=\"_self\" aria-label=\"iconoperifericos2\"><img decoding=\"async\" width=\"600\" height=\"253\" src=\"https:\/\/mtpsl.es\/wp-content\/uploads\/2017\/05\/iconoperifericos2.jpg\" alt class=\"img-responsive wp-image-1001360\" srcset=\"https:\/\/mtpsl.es\/wp-content\/uploads\/2017\/05\/iconoperifericos2-200x84.jpg 200w, https:\/\/mtpsl.es\/wp-content\/uploads\/2017\/05\/iconoperifericos2-400x169.jpg 400w, https:\/\/mtpsl.es\/wp-content\/uploads\/2017\/05\/iconoperifericos2.jpg 600w\" sizes=\"(max-width: 800px) 100vw, 600px\" \/><\/a><\/span><\/div><\/div><div class=\"fusion-title title fusion-title-2 sep-underline sep-solid fusion-title-center fusion-title-text fusion-title-size-three\"><h3 class=\"fusion-title-heading title-heading-center\" style=\"margin:0;\"><h3 style=\"text-align: center;\">Peripherals<\/h3><\/h3><\/div><div class=\"fusion-clearfix\"><\/div><\/div><\/div><\/div><\/div>","protected":false},"excerpt":{"rendered":"","protected":false},"author":1,"featured_media":0,"parent":0,"menu_order":0,"comment_status":"closed","ping_status":"closed","template":"","meta":{"footnotes":""},"class_list":["post-1000792","page","type-page","status-publish","hentry"],"yoast_head":"<!-- This site is optimized with the Yoast SEO plugin v25.8 - https:\/\/yoast.com\/wordpress\/plugins\/seo\/ -->\n<title>M\u00e1quinas de Inyecci\u00f3n Personalizadas - MTP<\/title>\n<meta name=\"description\" content=\"M\u00e1quinas de Inyecci\u00f3n Personalizadas: dise\u00f1adas para tus requerimientos espec\u00edficos, garantizan resultados de alta calidad y eficiencia.\" \/>\n<meta name=\"robots\" content=\"index, follow, max-snippet:-1, max-image-preview:large, max-video-preview:-1\" \/>\n<link rel=\"canonical\" href=\"https:\/\/mtpsl.es\/en\/producto\/\" \/>\n<meta property=\"og:locale\" content=\"en_US\" \/>\n<meta property=\"og:type\" content=\"article\" \/>\n<meta property=\"og:title\" content=\"M\u00e1quinas de Inyecci\u00f3n Personalizadas - MTP\" \/>\n<meta property=\"og:description\" content=\"M\u00e1quinas de Inyecci\u00f3n Personalizadas: dise\u00f1adas para tus requerimientos espec\u00edficos, garantizan resultados de alta calidad y eficiencia.\" \/>\n<meta property=\"og:url\" content=\"https:\/\/mtpsl.es\/en\/producto\/\" \/>\n<meta property=\"og:site_name\" content=\"MTP\" \/>\n<meta property=\"article:publisher\" content=\"https:\/\/www.facebook.com\/MTPSL\" \/>\n<meta property=\"article:modified_time\" content=\"2023-11-21T11:06:36+00:00\" \/>\n<meta name=\"twitter:card\" content=\"summary_large_image\" \/>\n<meta name=\"twitter:site\" content=\"@MaquinariaTP\" \/>\n<meta name=\"twitter:label1\" content=\"Est. reading time\" \/>\n\t<meta name=\"twitter:data1\" content=\"1 minute\" \/>\n<script type=\"application\/ld+json\" class=\"yoast-schema-graph\">{\"@context\":\"https:\/\/schema.org\",\"@graph\":[{\"@type\":\"WebPage\",\"@id\":\"https:\/\/mtpsl.es\/producto\/\",\"url\":\"https:\/\/mtpsl.es\/producto\/\",\"name\":\"M\u00e1quinas de Inyecci\u00f3n Personalizadas - MTP\",\"isPartOf\":{\"@id\":\"https:\/\/mtpsl.es\/#website\"},\"datePublished\":\"2016-02-02T15:23:00+00:00\",\"dateModified\":\"2023-11-21T11:06:36+00:00\",\"description\":\"M\u00e1quinas de Inyecci\u00f3n Personalizadas: dise\u00f1adas para tus requerimientos espec\u00edficos, garantizan resultados de alta calidad y eficiencia.\",\"breadcrumb\":{\"@id\":\"https:\/\/mtpsl.es\/producto\/#breadcrumb\"},\"inLanguage\":\"en-US\",\"potentialAction\":[{\"@type\":\"ReadAction\",\"target\":[\"https:\/\/mtpsl.es\/producto\/\"]}]},{\"@type\":\"BreadcrumbList\",\"@id\":\"https:\/\/mtpsl.es\/producto\/#breadcrumb\",\"itemListElement\":[{\"@type\":\"ListItem\",\"position\":1,\"name\":\"Portada\",\"item\":\"https:\/\/mtpsl.es\/\"},{\"@type\":\"ListItem\",\"position\":2,\"name\":\"PRODUCTOS\"}]},{\"@type\":\"WebSite\",\"@id\":\"https:\/\/mtpsl.es\/#website\",\"url\":\"https:\/\/mtpsl.es\/\",\"name\":\"Maquinaria Termo Pl\u00e1stico SL\",\"description\":\"Maquinaria Termo Pl\u00e1stico\",\"publisher\":{\"@id\":\"https:\/\/mtpsl.es\/#organization\"},\"alternateName\":\"MTP\",\"potentialAction\":[{\"@type\":\"SearchAction\",\"target\":{\"@type\":\"EntryPoint\",\"urlTemplate\":\"https:\/\/mtpsl.es\/?s={search_term_string}\"},\"query-input\":{\"@type\":\"PropertyValueSpecification\",\"valueRequired\":true,\"valueName\":\"search_term_string\"}}],\"inLanguage\":\"en-US\"},{\"@type\":\"Organization\",\"@id\":\"https:\/\/mtpsl.es\/#organization\",\"name\":\"Maquinaria Termo Pl\u00e1stico\",\"alternateName\":\"MTP\",\"url\":\"https:\/\/mtpsl.es\/\",\"logo\":{\"@type\":\"ImageObject\",\"inLanguage\":\"en-US\",\"@id\":\"https:\/\/mtpsl.es\/#\/schema\/logo\/image\/\",\"url\":\"https:\/\/mtp.essedi.es\/wp-content\/uploads\/2017\/04\/logo.jpg\",\"contentUrl\":\"https:\/\/mtp.essedi.es\/wp-content\/uploads\/2017\/04\/logo.jpg\",\"width\":300,\"height\":143,\"caption\":\"Maquinaria Termo Pl\u00e1stico\"},\"image\":{\"@id\":\"https:\/\/mtpsl.es\/#\/schema\/logo\/image\/\"},\"sameAs\":[\"https:\/\/www.facebook.com\/MTPSL\",\"https:\/\/x.com\/MaquinariaTP\",\"https:\/\/www.linkedin.com\/company\/mtpsl\/\"]}]}<\/script>\n<!-- \/ Yoast SEO plugin. -->","yoast_head_json":{"title":"M\u00e1quinas de Inyecci\u00f3n Personalizadas - MTP","description":"M\u00e1quinas de Inyecci\u00f3n Personalizadas: dise\u00f1adas para tus requerimientos espec\u00edficos, garantizan resultados de alta calidad y eficiencia.","robots":{"index":"index","follow":"follow","max-snippet":"max-snippet:-1","max-image-preview":"max-image-preview:large","max-video-preview":"max-video-preview:-1"},"canonical":"https:\/\/mtpsl.es\/en\/producto\/","og_locale":"en_US","og_type":"article","og_title":"M\u00e1quinas de Inyecci\u00f3n Personalizadas - MTP","og_description":"M\u00e1quinas de Inyecci\u00f3n Personalizadas: dise\u00f1adas para tus requerimientos espec\u00edficos, garantizan resultados de alta calidad y eficiencia.","og_url":"https:\/\/mtpsl.es\/en\/producto\/","og_site_name":"MTP","article_publisher":"https:\/\/www.facebook.com\/MTPSL","article_modified_time":"2023-11-21T11:06:36+00:00","twitter_card":"summary_large_image","twitter_site":"@MaquinariaTP","twitter_misc":{"Est. reading time":"1 minute"},"schema":{"@context":"https:\/\/schema.org","@graph":[{"@type":"WebPage","@id":"https:\/\/mtpsl.es\/producto\/","url":"https:\/\/mtpsl.es\/producto\/","name":"M\u00e1quinas de Inyecci\u00f3n Personalizadas - MTP","isPartOf":{"@id":"https:\/\/mtpsl.es\/#website"},"datePublished":"2016-02-02T15:23:00+00:00","dateModified":"2023-11-21T11:06:36+00:00","description":"M\u00e1quinas de Inyecci\u00f3n Personalizadas: dise\u00f1adas para tus requerimientos espec\u00edficos, garantizan resultados de alta calidad y eficiencia.","breadcrumb":{"@id":"https:\/\/mtpsl.es\/producto\/#breadcrumb"},"inLanguage":"en-US","potentialAction":[{"@type":"ReadAction","target":["https:\/\/mtpsl.es\/producto\/"]}]},{"@type":"BreadcrumbList","@id":"https:\/\/mtpsl.es\/producto\/#breadcrumb","itemListElement":[{"@type":"ListItem","position":1,"name":"Portada","item":"https:\/\/mtpsl.es\/"},{"@type":"ListItem","position":2,"name":"PRODUCTOS"}]},{"@type":"WebSite","@id":"https:\/\/mtpsl.es\/#website","url":"https:\/\/mtpsl.es\/","name":"Maquinaria Termo Pl\u00e1stico SL","description":"Maquinaria Termo Pl\u00e1stico","publisher":{"@id":"https:\/\/mtpsl.es\/#organization"},"alternateName":"MTP","potentialAction":[{"@type":"SearchAction","target":{"@type":"EntryPoint","urlTemplate":"https:\/\/mtpsl.es\/?s={search_term_string}"},"query-input":{"@type":"PropertyValueSpecification","valueRequired":true,"valueName":"search_term_string"}}],"inLanguage":"en-US"},{"@type":"Organization","@id":"https:\/\/mtpsl.es\/#organization","name":"Maquinaria Termo Pl\u00e1stico","alternateName":"MTP","url":"https:\/\/mtpsl.es\/","logo":{"@type":"ImageObject","inLanguage":"en-US","@id":"https:\/\/mtpsl.es\/#\/schema\/logo\/image\/","url":"https:\/\/mtp.essedi.es\/wp-content\/uploads\/2017\/04\/logo.jpg","contentUrl":"https:\/\/mtp.essedi.es\/wp-content\/uploads\/2017\/04\/logo.jpg","width":300,"height":143,"caption":"Maquinaria Termo Pl\u00e1stico"},"image":{"@id":"https:\/\/mtpsl.es\/#\/schema\/logo\/image\/"},"sameAs":["https:\/\/www.facebook.com\/MTPSL","https:\/\/x.com\/MaquinariaTP","https:\/\/www.linkedin.com\/company\/mtpsl\/"]}]}},"_links":{"self":[{"href":"https:\/\/mtpsl.es\/en\/wp-json\/wp\/v2\/pages\/1000792","targetHints":{"allow":["GET"]}}],"collection":[{"href":"https:\/\/mtpsl.es\/en\/wp-json\/wp\/v2\/pages"}],"about":[{"href":"https:\/\/mtpsl.es\/en\/wp-json\/wp\/v2\/types\/page"}],"author":[{"embeddable":true,"href":"https:\/\/mtpsl.es\/en\/wp-json\/wp\/v2\/users\/1"}],"replies":[{"embeddable":true,"href":"https:\/\/mtpsl.es\/en\/wp-json\/wp\/v2\/comments?post=1000792"}],"version-history":[{"count":23,"href":"https:\/\/mtpsl.es\/en\/wp-json\/wp\/v2\/pages\/1000792\/revisions"}],"predecessor-version":[{"id":1002505,"href":"https:\/\/mtpsl.es\/en\/wp-json\/wp\/v2\/pages\/1000792\/revisions\/1002505"}],"wp:attachment":[{"href":"https:\/\/mtpsl.es\/en\/wp-json\/wp\/v2\/media?parent=1000792"}],"curies":[{"name":"wp","href":"https:\/\/api.w.org\/{rel}","templated":true}]}}