{"id":1001298,"date":"2017-05-09T18:31:20","date_gmt":"2017-05-09T18:31:20","guid":{"rendered":"https:\/\/mtpsl.es\/?page_id=1001298"},"modified":"2023-11-21T11:00:22","modified_gmt":"2023-11-21T11:00:22","slug":"maquinas-de-inyeccion","status":"publish","type":"page","link":"https:\/\/mtpsl.es\/en\/maquinas-de-inyeccion\/","title":{"rendered":"INJECTION MOLDING MACHINES"},"content":{"rendered":"<p><div id=\"bmb\" class=\"fusion-container-anchor\"><div class=\"fusion-fullwidth fullwidth-box fusion-builder-row-1 hundred-percent-fullwidth non-hundred-percent-height-scrolling\" style=\"--awb-border-radius-top-left:0px;--awb-border-radius-top-right:0px;--awb-border-radius-bottom-right:0px;--awb-border-radius-bottom-left:0px;--awb-padding-right:0px;--awb-padding-left:0px;--awb-background-color:rgba(96,125,139,0);--awb-flex-wrap:wrap;\" ><div class=\"fusion-builder-row fusion-row\"><div class=\"fusion-layout-column fusion_builder_column fusion-builder-column-0 fusion_builder_column_1_1 1_1 fusion-one-full fusion-column-first fusion-column-last\" style=\"--awb-padding-right:20px;--awb-padding-left:20px;--awb-bg-blend:overlay;--awb-bg-size:cover;--awb-margin-bottom:0px;\"><div class=\"fusion-column-wrapper fusion-flex-column-wrapper-legacy\"><div class=\"fusion-title title fusion-title-1 fusion-sep-none fusion-title-text fusion-title-size-two\" style=\"--awb-margin-top:15Px;--awb-margin-bottom:15px;\"><h2 class=\"fusion-title-heading title-heading-right\" style=\"margin:0;\"><h2 style=\"text-align: left;\">BMB INJECTION MOLDING MACHINES<\/h2><\/h2><\/div><div class=\"fusion-sep-clear\"><\/div><div class=\"fusion-separator fusion-full-width-sep\" style=\"margin-left: auto;margin-right: auto;margin-top:10px;margin-bottom:10px;width:100%;\"><div class=\"fusion-separator-border sep-single sep-solid\" style=\"--awb-height:20px;--awb-amount:20px;border-color:#e0dede;border-top-width:1px;\"><\/div><\/div><div class=\"fusion-sep-clear\"><\/div><div class=\"fusion-text fusion-text-1\"><div>\n<p class=\"m_4533048087819278437gmail-p1\"><span class=\"m_4533048087819278437gmail-s1\">Our range of <b>high-tech Injection Molding Machines<\/b> are extremely precise machines that offer enormous productivity and reliability over time. Each of the series offers exceptional technical performance and low energy consumption adapted to each project.\u00a0<\/span><\/p>\n<p class=\"m_4533048087819278437gmail-p1\"><span class=\"m_4533048087819278437gmail-s1\">We have <b>Electric<\/b>, <b>Hybrid<\/b> and <b>Hydraulic Series<\/b> that cover any production need for various application sectors within the plastics industry.\u00a0<\/span><\/p>\n<\/div>\n<div class=\"yj6qo ajU\"><\/div>\n<\/div><div class=\"fusion-clearfix\"><\/div><\/div><\/div><div class=\"fusion-layout-column fusion_builder_column fusion-builder-column-1 fusion_builder_column_1_1 1_1 fusion-one-full fusion-column-first fusion-column-last\" style=\"--awb-bg-position:right top;--awb-bg-blend:overlay;--awb-bg-size:cover;--awb-margin-bottom:0px;\"><div class=\"fusion-column-wrapper fusion-flex-column-wrapper-legacy\"><div class=\"fusion-column-content-centered\"><div class=\"fusion-column-content\"><div class=\"fusion-slider-sc fusion-flexslider-loading flexslider flexslider-hover-type-none\" data-slideshow_autoplay=\"1\" data-slideshow_smooth_height=\"0\" data-slideshow_speed=\"2250\" style=\"max-width:100%;height:100%;\"><ul class=\"slides\"><li class=\"image\"><a title=\"ekwFull_electric\" data-title=\"ekwFull_electric\" aria-label=\"ekwFull_electric\" href=\"http:\/\/www.bmb-spa.com\/machines\/ekw-full-electric\/\" target=\"_blank\" rel=\"noopener noreferrer\"><span class=\"fusion-image-hover-element hover-type-none\"><img decoding=\"async\" src=\"https:\/\/mtpsl.es\/wp-content\/uploads\/2017\/05\/ekwFull_electric-1.jpg\" width=\"800\" height=\"373\" \/><\/span><\/a><\/li><li class=\"image\"><a title=\"eKWHybrid\" data-title=\"eKWHybrid\" aria-label=\"eKWHybrid\" href=\"http:\/\/www.bmb-spa.com\/machines\/ekw-hybrid\/\" target=\"_blank\" rel=\"noopener noreferrer\"><span class=\"fusion-image-hover-element hover-type-none\"><img decoding=\"async\" src=\"https:\/\/mtpsl.es\/wp-content\/uploads\/2017\/05\/eKWHybrid.jpg\" width=\"800\" height=\"373\" \/><\/span><\/a><\/li><li class=\"image\"><a title=\"eMCFull_Electric\" data-title=\"eMCFull_Electric\" aria-label=\"eMCFull_Electric\" href=\"http:\/\/www.bmb-spa.com\/machines\/emc-full-electric\/\" target=\"_blank\" rel=\"noopener noreferrer\"><span class=\"fusion-image-hover-element hover-type-none\"><img decoding=\"async\" src=\"https:\/\/mtpsl.es\/wp-content\/uploads\/2017\/05\/eMCFull_Electric-1.jpg\" width=\"800\" height=\"373\" \/><\/span><\/a><\/li><li class=\"image\"><a title=\"kw\" data-title=\"kw\" aria-label=\"kw\" href=\"http:\/\/www.bmb-spa.com\/machines\/kw\/\" target=\"_blank\" rel=\"noopener noreferrer\"><span class=\"fusion-image-hover-element hover-type-none\"><img decoding=\"async\" src=\"https:\/\/mtpsl.es\/wp-content\/uploads\/2017\/05\/kw-1.jpg\" width=\"800\" height=\"373\" \/><\/span><\/a><\/li><li class=\"image\"><a title=\"KWPI\" data-title=\"KWPI\" aria-label=\"KWPI\" href=\"http:\/\/www.bmb-spa.com\/machines\/kw-pi\/\" target=\"_blank\" rel=\"noopener noreferrer\"><span class=\"fusion-image-hover-element hover-type-none\"><img decoding=\"async\" src=\"https:\/\/mtpsl.es\/wp-content\/uploads\/2017\/05\/KWPI-1.jpg\" width=\"800\" height=\"373\" \/><\/span><\/a><\/li><li class=\"image\"><a title=\"KX\" data-title=\"KX\" aria-label=\"KX\" href=\"http:\/\/www.bmb-spa.com\/machines\/kx\/\" target=\"_blank\" rel=\"noopener noreferrer\"><span class=\"fusion-image-hover-element hover-type-none\"><img decoding=\"async\" src=\"https:\/\/mtpsl.es\/wp-content\/uploads\/2017\/05\/KX-1.jpg\" width=\"800\" height=\"373\" \/><\/span><\/a><\/li><\/ul><\/div><\/div><\/div><div class=\"fusion-clearfix\"><\/div><\/div><\/div><\/div><\/div><\/div><div class=\"fusion-fullwidth fullwidth-box fusion-builder-row-2 nonhundred-percent-fullwidth non-hundred-percent-height-scrolling\" style=\"--awb-border-radius-top-left:0px;--awb-border-radius-top-right:0px;--awb-border-radius-bottom-right:0px;--awb-border-radius-bottom-left:0px;--awb-flex-wrap:wrap;\" ><div class=\"fusion-builder-row fusion-row\"><div class=\"fusion-layout-column fusion_builder_column fusion-builder-column-2 fusion_builder_column_1_1 1_1 fusion-one-full fusion-column-first fusion-column-last\" style=\"--awb-bg-blend:overlay;--awb-bg-size:cover;--awb-margin-bottom:0px;\"><div class=\"fusion-column-wrapper fusion-flex-column-wrapper-legacy\"><div class=\"fusion-sep-clear\"><\/div><div class=\"fusion-separator fusion-full-width-sep\" style=\"margin-left: auto;margin-right: auto;margin-top:20Px;margin-bottom:20px;width:100%;\"><div class=\"fusion-separator-border sep-single sep-solid\" style=\"--awb-height:20px;--awb-amount:20px;border-color:#e0dede;border-top-width:1px;\"><\/div><\/div><div class=\"fusion-sep-clear\"><\/div><div class=\"fusion-clearfix\"><\/div><\/div><\/div><\/div><\/div><\/p>","protected":false},"excerpt":{"rendered":"","protected":false},"author":1,"featured_media":0,"parent":0,"menu_order":0,"comment_status":"closed","ping_status":"closed","template":"","meta":{"footnotes":""},"class_list":["post-1001298","page","type-page","status-publish","hentry"],"yoast_head":"<!-- This site is optimized with the Yoast SEO plugin v25.8 - https:\/\/yoast.com\/wordpress\/plugins\/seo\/ -->\n<title>M\u00c1QUINAS DE INYECCI\u00d3N - MTP<\/title>\n<meta name=\"description\" content=\"Descubre nuestra gama de M\u00e1quinas de Inyecci\u00f3n de alta tecnolog\u00eda: disponemos de Series El\u00e9ctricas, H\u00edbridas e Hidr\u00e1ulicas\" \/>\n<meta name=\"robots\" content=\"index, follow, max-snippet:-1, max-image-preview:large, max-video-preview:-1\" \/>\n<link rel=\"canonical\" href=\"https:\/\/mtpsl.es\/en\/maquinas-de-inyeccion\/\" \/>\n<meta property=\"og:locale\" content=\"en_US\" \/>\n<meta property=\"og:type\" content=\"article\" \/>\n<meta property=\"og:title\" content=\"M\u00c1QUINAS DE INYECCI\u00d3N - MTP\" \/>\n<meta property=\"og:description\" content=\"Descubre nuestra gama de M\u00e1quinas de Inyecci\u00f3n de alta tecnolog\u00eda: disponemos de Series El\u00e9ctricas, H\u00edbridas e Hidr\u00e1ulicas\" \/>\n<meta property=\"og:url\" content=\"https:\/\/mtpsl.es\/en\/maquinas-de-inyeccion\/\" \/>\n<meta property=\"og:site_name\" content=\"MTP\" \/>\n<meta property=\"article:publisher\" content=\"https:\/\/www.facebook.com\/MTPSL\" \/>\n<meta property=\"article:modified_time\" content=\"2023-11-21T11:00:22+00:00\" \/>\n<meta name=\"twitter:card\" content=\"summary_large_image\" \/>\n<meta name=\"twitter:site\" content=\"@MaquinariaTP\" \/>\n<meta name=\"twitter:label1\" content=\"Est. reading time\" \/>\n\t<meta name=\"twitter:data1\" content=\"2 minutes\" \/>\n<script type=\"application\/ld+json\" class=\"yoast-schema-graph\">{\"@context\":\"https:\/\/schema.org\",\"@graph\":[{\"@type\":\"WebPage\",\"@id\":\"https:\/\/mtpsl.es\/maquinas-de-inyeccion\/\",\"url\":\"https:\/\/mtpsl.es\/maquinas-de-inyeccion\/\",\"name\":\"M\u00c1QUINAS DE INYECCI\u00d3N - MTP\",\"isPartOf\":{\"@id\":\"https:\/\/mtpsl.es\/#website\"},\"datePublished\":\"2017-05-09T18:31:20+00:00\",\"dateModified\":\"2023-11-21T11:00:22+00:00\",\"description\":\"Descubre nuestra gama de M\u00e1quinas de Inyecci\u00f3n de alta tecnolog\u00eda: disponemos de Series El\u00e9ctricas, H\u00edbridas e Hidr\u00e1ulicas\",\"breadcrumb\":{\"@id\":\"https:\/\/mtpsl.es\/maquinas-de-inyeccion\/#breadcrumb\"},\"inLanguage\":\"en-US\",\"potentialAction\":[{\"@type\":\"ReadAction\",\"target\":[\"https:\/\/mtpsl.es\/maquinas-de-inyeccion\/\"]}]},{\"@type\":\"BreadcrumbList\",\"@id\":\"https:\/\/mtpsl.es\/maquinas-de-inyeccion\/#breadcrumb\",\"itemListElement\":[{\"@type\":\"ListItem\",\"position\":1,\"name\":\"Portada\",\"item\":\"https:\/\/mtpsl.es\/\"},{\"@type\":\"ListItem\",\"position\":2,\"name\":\"M\u00c1QUINAS DE INYECCI\u00d3N\"}]},{\"@type\":\"WebSite\",\"@id\":\"https:\/\/mtpsl.es\/#website\",\"url\":\"https:\/\/mtpsl.es\/\",\"name\":\"Maquinaria Termo Pl\u00e1stico SL\",\"description\":\"Maquinaria Termo Pl\u00e1stico\",\"publisher\":{\"@id\":\"https:\/\/mtpsl.es\/#organization\"},\"alternateName\":\"MTP\",\"potentialAction\":[{\"@type\":\"SearchAction\",\"target\":{\"@type\":\"EntryPoint\",\"urlTemplate\":\"https:\/\/mtpsl.es\/?s={search_term_string}\"},\"query-input\":{\"@type\":\"PropertyValueSpecification\",\"valueRequired\":true,\"valueName\":\"search_term_string\"}}],\"inLanguage\":\"en-US\"},{\"@type\":\"Organization\",\"@id\":\"https:\/\/mtpsl.es\/#organization\",\"name\":\"Maquinaria Termo Pl\u00e1stico\",\"alternateName\":\"MTP\",\"url\":\"https:\/\/mtpsl.es\/\",\"logo\":{\"@type\":\"ImageObject\",\"inLanguage\":\"en-US\",\"@id\":\"https:\/\/mtpsl.es\/#\/schema\/logo\/image\/\",\"url\":\"https:\/\/mtp.essedi.es\/wp-content\/uploads\/2017\/04\/logo.jpg\",\"contentUrl\":\"https:\/\/mtp.essedi.es\/wp-content\/uploads\/2017\/04\/logo.jpg\",\"width\":300,\"height\":143,\"caption\":\"Maquinaria Termo Pl\u00e1stico\"},\"image\":{\"@id\":\"https:\/\/mtpsl.es\/#\/schema\/logo\/image\/\"},\"sameAs\":[\"https:\/\/www.facebook.com\/MTPSL\",\"https:\/\/x.com\/MaquinariaTP\",\"https:\/\/www.linkedin.com\/company\/mtpsl\/\"]}]}<\/script>\n<!-- \/ Yoast SEO plugin. -->","yoast_head_json":{"title":"M\u00c1QUINAS DE INYECCI\u00d3N - MTP","description":"Descubre nuestra gama de M\u00e1quinas de Inyecci\u00f3n de alta tecnolog\u00eda: disponemos de Series El\u00e9ctricas, H\u00edbridas e Hidr\u00e1ulicas","robots":{"index":"index","follow":"follow","max-snippet":"max-snippet:-1","max-image-preview":"max-image-preview:large","max-video-preview":"max-video-preview:-1"},"canonical":"https:\/\/mtpsl.es\/en\/maquinas-de-inyeccion\/","og_locale":"en_US","og_type":"article","og_title":"M\u00c1QUINAS DE INYECCI\u00d3N - MTP","og_description":"Descubre nuestra gama de M\u00e1quinas de Inyecci\u00f3n de alta tecnolog\u00eda: disponemos de Series El\u00e9ctricas, H\u00edbridas e Hidr\u00e1ulicas","og_url":"https:\/\/mtpsl.es\/en\/maquinas-de-inyeccion\/","og_site_name":"MTP","article_publisher":"https:\/\/www.facebook.com\/MTPSL","article_modified_time":"2023-11-21T11:00:22+00:00","twitter_card":"summary_large_image","twitter_site":"@MaquinariaTP","twitter_misc":{"Est. reading time":"2 minutes"},"schema":{"@context":"https:\/\/schema.org","@graph":[{"@type":"WebPage","@id":"https:\/\/mtpsl.es\/maquinas-de-inyeccion\/","url":"https:\/\/mtpsl.es\/maquinas-de-inyeccion\/","name":"M\u00c1QUINAS DE INYECCI\u00d3N - MTP","isPartOf":{"@id":"https:\/\/mtpsl.es\/#website"},"datePublished":"2017-05-09T18:31:20+00:00","dateModified":"2023-11-21T11:00:22+00:00","description":"Descubre nuestra gama de M\u00e1quinas de Inyecci\u00f3n de alta tecnolog\u00eda: disponemos de Series El\u00e9ctricas, H\u00edbridas e Hidr\u00e1ulicas","breadcrumb":{"@id":"https:\/\/mtpsl.es\/maquinas-de-inyeccion\/#breadcrumb"},"inLanguage":"en-US","potentialAction":[{"@type":"ReadAction","target":["https:\/\/mtpsl.es\/maquinas-de-inyeccion\/"]}]},{"@type":"BreadcrumbList","@id":"https:\/\/mtpsl.es\/maquinas-de-inyeccion\/#breadcrumb","itemListElement":[{"@type":"ListItem","position":1,"name":"Portada","item":"https:\/\/mtpsl.es\/"},{"@type":"ListItem","position":2,"name":"M\u00c1QUINAS DE INYECCI\u00d3N"}]},{"@type":"WebSite","@id":"https:\/\/mtpsl.es\/#website","url":"https:\/\/mtpsl.es\/","name":"Maquinaria Termo Pl\u00e1stico SL","description":"Maquinaria Termo Pl\u00e1stico","publisher":{"@id":"https:\/\/mtpsl.es\/#organization"},"alternateName":"MTP","potentialAction":[{"@type":"SearchAction","target":{"@type":"EntryPoint","urlTemplate":"https:\/\/mtpsl.es\/?s={search_term_string}"},"query-input":{"@type":"PropertyValueSpecification","valueRequired":true,"valueName":"search_term_string"}}],"inLanguage":"en-US"},{"@type":"Organization","@id":"https:\/\/mtpsl.es\/#organization","name":"Maquinaria Termo Pl\u00e1stico","alternateName":"MTP","url":"https:\/\/mtpsl.es\/","logo":{"@type":"ImageObject","inLanguage":"en-US","@id":"https:\/\/mtpsl.es\/#\/schema\/logo\/image\/","url":"https:\/\/mtp.essedi.es\/wp-content\/uploads\/2017\/04\/logo.jpg","contentUrl":"https:\/\/mtp.essedi.es\/wp-content\/uploads\/2017\/04\/logo.jpg","width":300,"height":143,"caption":"Maquinaria Termo Pl\u00e1stico"},"image":{"@id":"https:\/\/mtpsl.es\/#\/schema\/logo\/image\/"},"sameAs":["https:\/\/www.facebook.com\/MTPSL","https:\/\/x.com\/MaquinariaTP","https:\/\/www.linkedin.com\/company\/mtpsl\/"]}]}},"_links":{"self":[{"href":"https:\/\/mtpsl.es\/en\/wp-json\/wp\/v2\/pages\/1001298","targetHints":{"allow":["GET"]}}],"collection":[{"href":"https:\/\/mtpsl.es\/en\/wp-json\/wp\/v2\/pages"}],"about":[{"href":"https:\/\/mtpsl.es\/en\/wp-json\/wp\/v2\/types\/page"}],"author":[{"embeddable":true,"href":"https:\/\/mtpsl.es\/en\/wp-json\/wp\/v2\/users\/1"}],"replies":[{"embeddable":true,"href":"https:\/\/mtpsl.es\/en\/wp-json\/wp\/v2\/comments?post=1001298"}],"version-history":[{"count":25,"href":"https:\/\/mtpsl.es\/en\/wp-json\/wp\/v2\/pages\/1001298\/revisions"}],"predecessor-version":[{"id":1002566,"href":"https:\/\/mtpsl.es\/en\/wp-json\/wp\/v2\/pages\/1001298\/revisions\/1002566"}],"wp:attachment":[{"href":"https:\/\/mtpsl.es\/en\/wp-json\/wp\/v2\/media?parent=1001298"}],"curies":[{"name":"wp","href":"https:\/\/api.w.org\/{rel}","templated":true}]}}